{"id":290,"date":"2023-03-23T12:12:23","date_gmt":"2023-03-23T15:12:23","guid":{"rendered":"http:\/\/localhost\/sennunoficial\/?page_id=290"},"modified":"2023-03-28T16:38:30","modified_gmt":"2023-03-28T19:38:30","slug":"home","status":"publish","type":"page","link":"https:\/\/sennun.com.br\/?page_id=290","title":{"rendered":""},"content":{"rendered":"\n<p><strong>PLANEJAMENTO TRIBUT\u00c1RIO<\/strong><\/p>\n\n\n\n<figure class=\"wp-block-image size-full\"><img loading=\"lazy\" decoding=\"async\" width=\"564\" height=\"564\" src=\"https:\/\/sennun.com.br\/wp-content\/uploads\/2023\/03\/3fb8d4fc28943b6d27a5ab75a71b7166-2.jpg\" alt=\"\" class=\"wp-image-22\"\/><\/figure>\n\n\n\n<figure class=\"wp-block-gallery has-nested-images columns-default is-cropped wp-block-gallery-1 is-layout-flex wp-block-gallery-is-layout-flex\">\n<figure class=\"wp-block-image size-full\"><img loading=\"lazy\" decoding=\"async\" width=\"1435\" height=\"211\" data-id=\"295\" src=\"https:\/\/sennun.com.br\/wp-content\/uploads\/2023\/03\/image.png\" alt=\"\" class=\"wp-image-295\"\/><\/figure>\n<\/figure>\n\n\n\n<p><\/p>\n\n\n\n<p><strong>CONSULTORIA CONT\u00c1BIL<\/strong><\/p>\n\n\n\n<figure class=\"wp-block-image size-full\"><img loading=\"lazy\" decoding=\"async\" width=\"720\" height=\"480\" src=\"https:\/\/sennun.com.br\/wp-content\/uploads\/2023\/03\/imagem-do-whatsapp-de-2023-03-16-as-14.58.44-2.jpg\" alt=\"\" class=\"wp-image-26\"\/><\/figure>\n\n\n\n<figure class=\"wp-block-gallery has-nested-images columns-default is-cropped wp-block-gallery-2 is-layout-flex wp-block-gallery-is-layout-flex\">\n<figure class=\"wp-block-image size-full\"><img loading=\"lazy\" decoding=\"async\" width=\"1435\" height=\"257\" data-id=\"296\" src=\"https:\/\/sennun.com.br\/wp-content\/uploads\/2023\/03\/image-1.png\" alt=\"\" class=\"wp-image-296\"\/><\/figure>\n<\/figure>\n\n\n\n<p><\/p>\n\n\n\n<p><strong>REVIS\u00c3O TRIBUT\u00c1RIA<\/strong><\/p>\n\n\n\n<figure class=\"wp-block-image size-full\"><img loading=\"lazy\" decoding=\"async\" width=\"888\" height=\"598\" src=\"https:\/\/sennun.com.br\/wp-content\/uploads\/2023\/03\/imagem-1-1.png\" alt=\"\" class=\"wp-image-160\"\/><\/figure>\n\n\n\n<figure class=\"wp-block-gallery has-nested-images columns-default is-cropped wp-block-gallery-3 is-layout-flex wp-block-gallery-is-layout-flex\">\n<figure class=\"wp-block-image size-full\"><img loading=\"lazy\" decoding=\"async\" width=\"1435\" height=\"211\" data-id=\"297\" src=\"https:\/\/sennun.com.br\/wp-content\/uploads\/2023\/03\/image-2.png\" alt=\"\" class=\"wp-image-297\"\/><\/figure>\n<\/figure>\n","protected":false},"excerpt":{"rendered":"<p>PLANEJAMENTO TRIBUT\u00c1RIO CONSULTORIA CONT\u00c1BIL REVIS\u00c3O TRIBUT\u00c1RIA<\/p>\n","protected":false},"author":1,"featured_media":0,"parent":0,"menu_order":0,"comment_status":"closed","ping_status":"closed","template":"","meta":{"footnotes":""},"class_list":["post-290","page","type-page","status-publish","hentry"],"_links":{"self":[{"href":"https:\/\/sennun.com.br\/index.php?rest_route=\/wp\/v2\/pages\/290","targetHints":{"allow":["GET"]}}],"collection":[{"href":"https:\/\/sennun.com.br\/index.php?rest_route=\/wp\/v2\/pages"}],"about":[{"href":"https:\/\/sennun.com.br\/index.php?rest_route=\/wp\/v2\/types\/page"}],"author":[{"embeddable":true,"href":"https:\/\/sennun.com.br\/index.php?rest_route=\/wp\/v2\/users\/1"}],"replies":[{"embeddable":true,"href":"https:\/\/sennun.com.br\/index.php?rest_route=%2Fwp%2Fv2%2Fcomments&post=290"}],"version-history":[{"count":14,"href":"https:\/\/sennun.com.br\/index.php?rest_route=\/wp\/v2\/pages\/290\/revisions"}],"predecessor-version":[{"id":417,"href":"https:\/\/sennun.com.br\/index.php?rest_route=\/wp\/v2\/pages\/290\/revisions\/417"}],"wp:attachment":[{"href":"https:\/\/sennun.com.br\/index.php?rest_route=%2Fwp%2Fv2%2Fmedia&parent=290"}],"curies":[{"name":"wp","href":"https:\/\/api.w.org\/{rel}","templated":true}]}}