{"id":92,"date":"2023-03-18T23:22:07","date_gmt":"2023-03-19T02:22:07","guid":{"rendered":"https:\/\/sennun.wordpress.com\/?page_id=92"},"modified":"2023-03-28T15:56:44","modified_gmt":"2023-03-28T18:56:44","slug":"servicos-2","status":"publish","type":"page","link":"https:\/\/sennun.com.br\/?page_id=92","title":{"rendered":"Servi\u00e7os"},"content":{"rendered":"\n<div class=\"wp-block-group\"><div class=\"wp-block-group__inner-container is-layout-flow wp-block-group-is-layout-flow\">\n<div class=\"wp-block-columns is-layout-flex wp-container-core-columns-is-layout-9d6595d7 wp-block-columns-is-layout-flex\">\n<div class=\"wp-block-column is-layout-flow wp-block-column-is-layout-flow\" style=\"flex-basis:33.33%\">\n<div class=\"wp-block-group\"><div class=\"wp-block-group__inner-container is-layout-constrained wp-block-group-is-layout-constrained\">\n<div class=\"wp-block-group\"><div class=\"wp-block-group__inner-container is-layout-constrained wp-block-group-is-layout-constrained\">\n<div class=\"wp-block-buttons is-content-justification-center is-layout-flex wp-container-core-buttons-is-layout-16018d1d wp-block-buttons-is-layout-flex\">\n<div class=\"wp-block-button has-custom-width wp-block-button__width-100 has-custom-font-size is-style-fill\" style=\"font-size:17px\"><a class=\"wp-block-button__link has-vivid-red-color has-text-color wp-element-button\"><strong>DEPTO CONT\u00c1BIL<\/strong><\/a><\/div>\n<\/div>\n<\/div><\/div>\n\n\n\n<div class=\"wp-block-group\"><div class=\"wp-block-group__inner-container is-layout-constrained wp-block-group-is-layout-constrained\">\n<p class=\"has-text-align-justify has-black-color has-vivid-red-background-color has-text-color has-background has-small-font-size\"><em><strong><mark style=\"background-color:#cf2e2e\" class=\"has-inline-color has-black-color\">Escritura\u00e7\u00e3o eletr\u00f4nica de documentos fiscais, inclusive SPED Fiscal. C\u00e1lculo de tributos indiretos, e elabora\u00e7\u00e3o de obriga\u00e7\u00f5es acess\u00f3rias, regimes especiais, consultas, pedidos de restitui\u00e7\u00e3o e compensa\u00e7\u00e3o.<\/mark><\/strong><\/em><\/p>\n\n\n\n<figure class=\"wp-block-gallery has-nested-images columns-default is-cropped wp-block-gallery-1 is-layout-flex wp-block-gallery-is-layout-flex\">\n<figure class=\"wp-block-image size-full\"><img loading=\"lazy\" decoding=\"async\" width=\"473\" height=\"847\" data-id=\"319\" src=\"https:\/\/sennun.com.br\/wp-content\/uploads\/2023\/03\/image-7.png\" alt=\"\" class=\"wp-image-319\"\/><\/figure>\n<\/figure>\n<\/div><\/div>\n<\/div><\/div>\n<\/div>\n\n\n\n<div class=\"wp-block-column is-layout-flow wp-block-column-is-layout-flow\" style=\"flex-basis:33.33%\">\n<div class=\"wp-block-buttons is-layout-flex wp-container-core-buttons-is-layout-6b4e3324 wp-block-buttons-is-layout-flex\">\n<div class=\"wp-block-button has-custom-width wp-block-button__width-100\"><a class=\"wp-block-button__link has-vivid-red-color has-text-color wp-element-button\"><strong>DEPTO FISCAL<\/strong><\/a><\/div>\n<\/div>\n\n\n\n<p class=\"has-text-align-justify has-black-color has-vivid-red-background-color has-text-color has-background has-small-font-size\"><em><strong>Escritura\u00e7\u00e3o eletr\u00f4nica de documentos fiscais, inclusive SPED Fiscal. C\u00e1lculo de tributos indiretos, e elabora\u00e7\u00e3o de obriga\u00e7\u00f5es acess\u00f3rias, regimes especiais, consultas, pedidos de restitui\u00e7\u00e3o e compensa\u00e7\u00e3o.<\/strong><\/em><\/p>\n\n\n\n<figure class=\"wp-block-gallery has-nested-images columns-default is-cropped wp-block-gallery-2 is-layout-flex wp-block-gallery-is-layout-flex\">\n<figure class=\"wp-block-image size-full\"><img loading=\"lazy\" decoding=\"async\" width=\"496\" height=\"847\" data-id=\"320\" src=\"https:\/\/sennun.com.br\/wp-content\/uploads\/2023\/03\/image-8.png\" alt=\"\" class=\"wp-image-320\"\/><\/figure>\n<\/figure>\n<\/div>\n\n\n\n<div class=\"wp-block-column is-layout-flow wp-block-column-is-layout-flow\" style=\"flex-basis:33.33%\">\n<div class=\"wp-block-buttons is-layout-flex wp-block-buttons-is-layout-flex\">\n<div class=\"wp-block-button has-custom-width wp-block-button__width-100\"><a class=\"wp-block-button__link has-vivid-red-color has-text-color wp-element-button\"><strong>DEPTO PESSOAL<\/strong><\/a><\/div>\n<\/div>\n\n\n\n<div class=\"wp-block-group\"><div class=\"wp-block-group__inner-container is-layout-constrained wp-block-group-is-layout-constrained\">\n<p class=\"has-text-align-justify has-black-color has-vivid-red-background-color has-text-color has-background has-small-font-size\">                            <em><strong>Registro de profissionais contratados, folha de pagamento, informa\u00e7\u00f5es para o Minist\u00e9rio do Trabalho, e demais obriga\u00e7\u00f5es trabalhistas e previdenci\u00e1rias<\/strong>.<\/em><\/p>\n\n\n\n<figure class=\"wp-block-gallery has-nested-images columns-default is-cropped wp-block-gallery-3 is-layout-flex wp-block-gallery-is-layout-flex\">\n<figure class=\"wp-block-image size-full\"><img loading=\"lazy\" decoding=\"async\" width=\"575\" height=\"1021\" data-id=\"321\" src=\"https:\/\/sennun.com.br\/wp-content\/uploads\/2023\/03\/image-9.png\" alt=\"\" class=\"wp-image-321\"\/><\/figure>\n<\/figure>\n<\/div><\/div>\n<\/div>\n\n\n\n<div class=\"wp-block-column is-layout-flow wp-block-column-is-layout-flow\" style=\"flex-basis:33.33%\">\n<div class=\"wp-block-buttons is-layout-flex wp-block-buttons-is-layout-flex\">\n<div class=\"wp-block-button has-custom-width wp-block-button__width-100\"><a class=\"wp-block-button__link has-vivid-red-color has-text-color wp-element-button\"><strong>DEPTO PARALEGAL<\/strong><\/a><\/div>\n<\/div>\n\n\n\n<div class=\"wp-block-group\"><div class=\"wp-block-group__inner-container is-layout-constrained wp-block-group-is-layout-constrained\">\n<p class=\"has-text-align-justify has-black-color has-vivid-red-background-color has-text-color has-background has-small-font-size\">                                                          <em><strong>Prestar suporte nos processos de constitui\u00e7\u00e3o, altera\u00e7\u00e3o e encerramento das empresas junto aos \u00f3rg\u00e3os competentes.<\/strong><\/em><\/p>\n\n\n\n<figure class=\"wp-block-gallery has-nested-images columns-default is-cropped wp-block-gallery-4 is-layout-flex wp-block-gallery-is-layout-flex\">\n<figure class=\"wp-block-image size-full\"><img loading=\"lazy\" decoding=\"async\" width=\"502\" height=\"430\" data-id=\"322\" src=\"https:\/\/sennun.com.br\/wp-content\/uploads\/2023\/03\/image-10.png\" alt=\"\" class=\"wp-image-322\"\/><\/figure>\n<\/figure>\n<\/div><\/div>\n<\/div>\n<\/div>\n\n\n\n<p>&nbsp;<\/p>\n<\/div><\/div>\n","protected":false},"excerpt":{"rendered":"<p>Escritura\u00e7\u00e3o eletr\u00f4nica de documentos fiscais, inclusive SPED Fiscal. C\u00e1lculo de tributos indiretos, e elabora\u00e7\u00e3o de obriga\u00e7\u00f5es acess\u00f3rias, regimes especiais, consultas, pedidos de restitui\u00e7\u00e3o e compensa\u00e7\u00e3o. Escritura\u00e7\u00e3o eletr\u00f4nica de documentos fiscais, inclusive SPED Fiscal. C\u00e1lculo de tributos indiretos, e elabora\u00e7\u00e3o de obriga\u00e7\u00f5es acess\u00f3rias, regimes especiais, consultas, pedidos de restitui\u00e7\u00e3o e compensa\u00e7\u00e3o. Registro de profissionais contratados, folha &hellip; <a href=\"https:\/\/sennun.com.br\/?page_id=92\" class=\"more-link\">Continue lendo <span class=\"screen-reader-text\">Servi\u00e7os<\/span> <span class=\"meta-nav\">\t<\/span><\/a><\/p>\n","protected":false},"author":1,"featured_media":0,"parent":0,"menu_order":0,"comment_status":"closed","ping_status":"closed","template":"","meta":{"footnotes":""},"class_list":["post-92","page","type-page","status-publish","hentry"],"_links":{"self":[{"href":"https:\/\/sennun.com.br\/index.php?rest_route=\/wp\/v2\/pages\/92","targetHints":{"allow":["GET"]}}],"collection":[{"href":"https:\/\/sennun.com.br\/index.php?rest_route=\/wp\/v2\/pages"}],"about":[{"href":"https:\/\/sennun.com.br\/index.php?rest_route=\/wp\/v2\/types\/page"}],"author":[{"embeddable":true,"href":"https:\/\/sennun.com.br\/index.php?rest_route=\/wp\/v2\/users\/1"}],"replies":[{"embeddable":true,"href":"https:\/\/sennun.com.br\/index.php?rest_route=%2Fwp%2Fv2%2Fcomments&post=92"}],"version-history":[{"count":7,"href":"https:\/\/sennun.com.br\/index.php?rest_route=\/wp\/v2\/pages\/92\/revisions"}],"predecessor-version":[{"id":403,"href":"https:\/\/sennun.com.br\/index.php?rest_route=\/wp\/v2\/pages\/92\/revisions\/403"}],"wp:attachment":[{"href":"https:\/\/sennun.com.br\/index.php?rest_route=%2Fwp%2Fv2%2Fmedia&parent=92"}],"curies":[{"name":"wp","href":"https:\/\/api.w.org\/{rel}","templated":true}]}}