{"id":94,"date":"2023-03-18T23:22:07","date_gmt":"2023-03-19T02:22:07","guid":{"rendered":"https:\/\/sennun.wordpress.com\/?page_id=94"},"modified":"2023-03-28T15:51:32","modified_gmt":"2023-03-28T18:51:32","slug":"ferramentas","status":"publish","type":"page","link":"https:\/\/sennun.com.br\/?page_id=94","title":{"rendered":"Ferramentas"},"content":{"rendered":"\n<p class=\"has-vivid-red-color has-text-color\"><strong>CERTID\u00d5ES<\/strong><\/p>\n\n\n\n<div class=\"wp-block-group is-nowrap is-layout-flex wp-container-core-group-is-layout-ad2f72ca wp-block-group-is-layout-flex\">\n<figure class=\"wp-block-gallery has-nested-images columns-default is-cropped wp-block-gallery-1 is-layout-flex wp-block-gallery-is-layout-flex\">\n<figure class=\"wp-block-image size-large\"><a href=\"https:\/\/solucoes.receita.fazenda.gov.br\/Servicos\/certidaointernet\/PJ\/Emitir\"><img loading=\"lazy\" decoding=\"async\" width=\"326\" height=\"459\" data-id=\"236\" src=\"https:\/\/sennun.com.br\/wp-content\/uploads\/2023\/03\/cnd-federal-1.png\" alt=\"\" class=\"wp-image-236\"\/><\/a><\/figure>\n<\/figure>\n\n\n\n<figure class=\"wp-block-gallery has-nested-images columns-default is-cropped wp-block-gallery-2 is-layout-flex wp-block-gallery-is-layout-flex\">\n<figure class=\"wp-block-image size-large\"><a href=\"https:\/\/www10.fazenda.sp.gov.br\/CertidaoNegativaDeb\/Pages\/EmissaoCertidaoNegativa.aspx\"><img loading=\"lazy\" decoding=\"async\" width=\"448\" height=\"440\" data-id=\"237\" src=\"https:\/\/sennun.com.br\/wp-content\/uploads\/2023\/03\/cnd-estadual-1.png\" alt=\"\" class=\"wp-image-237\"\/><\/a><\/figure>\n<\/figure>\n\n\n\n<figure class=\"wp-block-gallery has-nested-images columns-default is-cropped wp-block-gallery-3 is-layout-flex wp-block-gallery-is-layout-flex\">\n<figure class=\"wp-block-image size-large\"><a href=\"https:\/\/consulta-crf.caixa.gov.br\/consultacrf\/pages\/consultaEmpregador.jsf\"><img loading=\"lazy\" decoding=\"async\" width=\"449\" height=\"422\" data-id=\"238\" src=\"https:\/\/sennun.com.br\/wp-content\/uploads\/2023\/03\/cnd-fgts-1.png\" alt=\"\" class=\"wp-image-238\"\/><\/a><\/figure>\n<\/figure>\n\n\n\n<figure class=\"wp-block-gallery has-nested-images columns-default is-cropped wp-block-gallery-4 is-layout-flex wp-block-gallery-is-layout-flex\">\n<figure class=\"wp-block-image size-large\"><a href=\"https:\/\/duc.prefeitura.sp.gov.br\/certidoes\/forms_anonimo\/frmConsultaEmissaoCertificado.aspx\"><img loading=\"lazy\" decoding=\"async\" width=\"418\" height=\"423\" data-id=\"242\" src=\"https:\/\/sennun.com.br\/wp-content\/uploads\/2023\/03\/cnd-municipal-sp-1.png\" alt=\"\" class=\"wp-image-242\"\/><\/a><\/figure>\n<\/figure>\n\n\n\n<figure class=\"wp-block-gallery has-nested-images columns-default is-cropped wp-block-gallery-5 is-layout-flex wp-block-gallery-is-layout-flex\">\n<figure class=\"wp-block-image size-large\"><a href=\"https:\/\/www.atende.ts.sp.gov.br\/servicos\/certnegativam.php\"><img loading=\"lazy\" decoding=\"async\" width=\"468\" height=\"403\" data-id=\"243\" src=\"http:\/\/localhost\/sennunoficial\/wp-content\/uploads\/2023\/03\/cnd-municipal-taboao-1.png?w=468\" alt=\"\" class=\"wp-image-243\"\/><\/a><\/figure>\n<\/figure>\n\n\n\n<figure class=\"wp-block-gallery has-nested-images columns-default is-cropped wp-block-gallery-6 is-layout-flex wp-block-gallery-is-layout-flex\">\n<figure class=\"wp-block-image size-large\"><a href=\"https:\/\/sigonline.itanhaem.sp.gov.br\/#requisicaowizards?=6\"><img loading=\"lazy\" decoding=\"async\" width=\"363\" height=\"495\" data-id=\"246\" src=\"https:\/\/sennun.com.br\/wp-content\/uploads\/2023\/03\/cnd-municipal-itanhaem-1.png\" alt=\"\" class=\"wp-image-246\"\/><\/a><\/figure>\n<\/figure>\n<\/div>\n\n\n\n<p><\/p>\n\n\n\n<p><\/p>\n\n\n\n<p><\/p>\n\n\n\n<p><\/p>\n\n\n\n<p class=\"has-vivid-red-color has-text-color\"><strong>EMISS\u00c3O DE NOTAS FISCAIS<\/strong><\/p>\n\n\n\n<div class=\"wp-block-group is-nowrap is-layout-flex wp-container-core-group-is-layout-ad2f72ca wp-block-group-is-layout-flex\">\n<figure class=\"wp-block-gallery has-nested-images columns-default is-cropped wp-block-gallery-7 is-layout-flex wp-block-gallery-is-layout-flex\">\n<figure class=\"wp-block-image size-large\"><a href=\"https:\/\/nfe.prefeitura.sp.gov.br\/login.aspx\"><img loading=\"lazy\" decoding=\"async\" width=\"418\" height=\"392\" data-id=\"253\" src=\"https:\/\/sennun.com.br\/wp-content\/uploads\/2023\/03\/municipio-de-sao-paulo-2-1.png\" alt=\"\" class=\"wp-image-253\"\/><\/a><\/figure>\n<\/figure>\n\n\n\n<figure class=\"wp-block-gallery has-nested-images columns-default is-cropped wp-block-gallery-8 is-layout-flex wp-block-gallery-is-layout-flex\">\n<figure class=\"wp-block-image size-large\"><a href=\"https:\/\/nfe.etransparencia.com.br\/sp.taboaodaserra\/nfe\/principal.aspx\"><img loading=\"lazy\" decoding=\"async\" width=\"469\" height=\"385\" data-id=\"254\" src=\"https:\/\/sennun.com.br\/wp-content\/uploads\/2023\/03\/taboao-da-serra.jpeg-1.png\" alt=\"\" class=\"wp-image-254\"\/><\/a><\/figure>\n<\/figure>\n\n\n\n<figure class=\"wp-block-gallery has-nested-images columns-default is-cropped wp-block-gallery-9 is-layout-flex wp-block-gallery-is-layout-flex\">\n<figure class=\"wp-block-image size-large\"><a href=\"https:\/\/nfseitanhaem.gcaspp.com\/Home.aspx\"><img loading=\"lazy\" decoding=\"async\" width=\"418\" height=\"418\" data-id=\"255\" src=\"https:\/\/sennun.com.br\/wp-content\/uploads\/2023\/03\/itanhaem.jpeg-1.png\" alt=\"\" class=\"wp-image-255\"\/><\/a><\/figure>\n<\/figure>\n\n\n\n<figure class=\"wp-block-gallery has-nested-images columns-default is-cropped wp-block-gallery-10 is-layout-flex wp-block-gallery-is-layout-flex\">\n<figure class=\"wp-block-image size-large\"><a href=\"https:\/\/saobentodosapucai.giap.com.br\/apex\/sbs\/f?p=1057:101\"><img loading=\"lazy\" decoding=\"async\" width=\"418\" height=\"499\" data-id=\"257\" src=\"https:\/\/sennun.com.br\/wp-content\/uploads\/2023\/03\/sao-bento-do-sapucai.jpeg-1.png\" alt=\"\" class=\"wp-image-257\"\/><\/a><\/figure>\n<\/figure>\n\n\n\n<figure class=\"wp-block-gallery has-nested-images columns-default is-cropped wp-block-gallery-11 is-layout-flex wp-block-gallery-is-layout-flex\">\n<figure class=\"wp-block-image size-large\"><a href=\"https:\/\/www.barueri.sp.gov.br\/nfe\/\"><img loading=\"lazy\" decoding=\"async\" width=\"418\" height=\"417\" data-id=\"258\" src=\"https:\/\/sennun.com.br\/wp-content\/uploads\/2023\/03\/barueri.jpeg-1.png\" alt=\"\" class=\"wp-image-258\"\/><\/a><\/figure>\n<\/figure>\n\n\n\n<figure class=\"wp-block-gallery has-nested-images columns-default is-cropped wp-block-gallery-12 is-layout-flex wp-block-gallery-is-layout-flex\">\n<figure class=\"wp-block-image size-large\"><a href=\"https:\/\/www.nfse.gov.br\/EmissorNacional\/Login?ReturnUrl=%2fEmissorNacional\"><img loading=\"lazy\" decoding=\"async\" width=\"449\" height=\"499\" data-id=\"264\" src=\"https:\/\/sennun.com.br\/wp-content\/uploads\/2023\/03\/nota-fiscal-prestacao-de-servico-mei.jpeg-1-1.png\" alt=\"\" class=\"wp-image-264\"\/><\/a><\/figure>\n<\/figure>\n<\/div>\n\n\n\n<p><\/p>\n\n\n\n<p><\/p>\n\n\n\n<p><\/p>\n\n\n\n<p><\/p>\n\n\n\n<p class=\"has-vivid-red-color has-text-color\"><strong>ADMISS\u00c3O FUNCION\u00c1RIOS<\/strong><\/p>\n\n\n\n<figure class=\"wp-block-gallery has-nested-images columns-default is-cropped wp-block-gallery-13 is-layout-flex wp-block-gallery-is-layout-flex\">\n<figure class=\"wp-block-image size-large\"><a href=\"https:\/\/form.jotform.com\/casenun\/formulrio-de-processo-admissional\"><img loading=\"lazy\" decoding=\"async\" width=\"275\" height=\"183\" data-id=\"271\" src=\"https:\/\/sennun.com.br\/wp-content\/uploads\/2023\/03\/download-1.jpeg\" alt=\"\" class=\"wp-image-271\"\/><\/a><\/figure>\n<\/figure>\n","protected":false},"excerpt":{"rendered":"<p>CERTID\u00d5ES EMISS\u00c3O DE NOTAS FISCAIS ADMISS\u00c3O FUNCION\u00c1RIOS<\/p>\n","protected":false},"author":1,"featured_media":0,"parent":0,"menu_order":0,"comment_status":"closed","ping_status":"closed","template":"","meta":{"footnotes":""},"class_list":["post-94","page","type-page","status-publish","hentry"],"_links":{"self":[{"href":"https:\/\/sennun.com.br\/index.php?rest_route=\/wp\/v2\/pages\/94","targetHints":{"allow":["GET"]}}],"collection":[{"href":"https:\/\/sennun.com.br\/index.php?rest_route=\/wp\/v2\/pages"}],"about":[{"href":"https:\/\/sennun.com.br\/index.php?rest_route=\/wp\/v2\/types\/page"}],"author":[{"embeddable":true,"href":"https:\/\/sennun.com.br\/index.php?rest_route=\/wp\/v2\/users\/1"}],"replies":[{"embeddable":true,"href":"https:\/\/sennun.com.br\/index.php?rest_route=%2Fwp%2Fv2%2Fcomments&post=94"}],"version-history":[{"count":2,"href":"https:\/\/sennun.com.br\/index.php?rest_route=\/wp\/v2\/pages\/94\/revisions"}],"predecessor-version":[{"id":399,"href":"https:\/\/sennun.com.br\/index.php?rest_route=\/wp\/v2\/pages\/94\/revisions\/399"}],"wp:attachment":[{"href":"https:\/\/sennun.com.br\/index.php?rest_route=%2Fwp%2Fv2%2Fmedia&parent=94"}],"curies":[{"name":"wp","href":"https:\/\/api.w.org\/{rel}","templated":true}]}}